{"id":16510,"date":"2014-03-24T10:54:51","date_gmt":"2014-03-24T10:54:51","guid":{"rendered":"https:\/\/swiss-academy.aarinfotech.com\/about-us\/"},"modified":"2025-08-12T12:57:03","modified_gmt":"2025-08-12T12:57:03","slug":"about-us","status":"publish","type":"page","link":"https:\/\/swiss-academy.aarinfotech.com\/fr\/about-us\/","title":{"rendered":"Qui nous sommes"},"content":{"rendered":"<div class=\"wpb-content-wrapper\"><p>[vc_row css_animation=\u00a0\u00bb\u00a0\u00bb row_type=\u00a0\u00bbrow\u00a0\u00bb use_row_as_full_screen_section=\u00a0\u00bbno\u00a0\u00bb type=\u00a0\u00bbgrid\u00a0\u00bb angled_section=\u00a0\u00bbno\u00a0\u00bb text_align=\u00a0\u00bbleft\u00a0\u00bb background_image_as_pattern=\u00a0\u00bbwithout_pattern\u00a0\u00bb padding_top=\u00a0\u00bb87&Prime; padding_bottom=\u00a0\u00bb0&Prime; background_color=\u00a0\u00bb#ffffff\u00a0\u00bb z_index=\u00a0\u00bb\u00a0\u00bb][vc_column][vc_row_inner row_type=\u00a0\u00bbrow\u00a0\u00bb type=\u00a0\u00bbfull_width\u00a0\u00bb text_align=\u00a0\u00bbleft\u00a0\u00bb css_animation=\u00a0\u00bb\u00a0\u00bb][vc_column_inner width=\u00a0\u00bb1\/2&Prime;][vc_column_text css=\u00a0\u00bb\u00a0\u00bb]Swiss Academy for Training and Evolution (ci-apr\u00e8s SATE) est une association situ\u00e9e \u00e0 Gen\u00e8ve -Suisse, et r\u00e9gie par le Code civil suisse pour les associations. SATE est une plate-forme internationale qui propose des formations en face \u00e0 face, virtuelles et en ligne accessibles \u00e0 l\u2019\u00e9chelle mondiale, \u00e0 votre rythme et \u00e0 la demande, impliquant des cours de perfectionnement professionnel couvrant une vari\u00e9t\u00e9 de sujets et de disciplines. <\/p>\n<p>SATE s\u2019engage \u00e0 offrir des contenus de programmes soigneusement s\u00e9lectionn\u00e9s, en se concentrant sur des questions susceptibles d\u2019occuper une place centrale dans les pr\u00e9occupations des institutions et entit\u00e9s du monde entier dans le monde d\u2019aujourd\u2019hui et de demain.[\/vc_column_text][vc_separator type=\u00a0\u00bbtransparent\u00a0\u00bb up=\u00a0\u00bb93&Prime; down=\u00a0\u00bb0&Prime;][\/vc_column_inner][vc_column_inner width=\u00a0\u00bb1\/2&Prime;][vc_separator type=\u00a0\u00bbtransparent\u00a0\u00bb up=\u00a0\u00bb1&Prime; down=\u00a0\u00bb0&Prime;][vc_single_image image=\u00a0\u00bb15984&Prime; img_size=\u00a0\u00bbfull\u00a0\u00bb css=\u00a0\u00bb\u00a0\u00bb qode_css_animation=\u00a0\u00bb\u00a0\u00bb][vc_separator type=\u00a0\u00bbtransparent\u00a0\u00bb up=\u00a0\u00bb93&Prime; down=\u00a0\u00bb0&Prime;][\/vc_column_inner][\/vc_row_inner][vc_row_inner row_type=\u00a0\u00bbrow\u00a0\u00bb type=\u00a0\u00bbfull_width\u00a0\u00bb text_align=\u00a0\u00bbleft\u00a0\u00bb css_animation=\u00a0\u00bb\u00a0\u00bb][vc_column_inner width=\u00a0\u00bb1\/2&Prime;][vc_separator type=\u00a0\u00bbtransparent\u00a0\u00bb up=\u00a0\u00bb1&Prime; down=\u00a0\u00bb0&Prime;][vc_single_image image=\u00a0\u00bb15996&Prime; img_size=\u00a0\u00bbfull\u00a0\u00bb css=\u00a0\u00bb\u00a0\u00bb qode_css_animation=\u00a0\u00bb\u00a0\u00bb][vc_separator type=\u00a0\u00bbtransparent\u00a0\u00bb up=\u00a0\u00bb93&Prime; down=\u00a0\u00bb0&Prime;][\/vc_column_inner][vc_column_inner width=\u00a0\u00bb1\/2&Prime;][vc_column_text css=\u00a0\u00bb\u00a0\u00bb]<\/p>\n<h5>Objectifs et services de SATE<\/h5>\n<ul class=\"list-items list-unstyled mb-0\">\n<li>SATE propose des programmes immersifs dans plusieurs mati\u00e8res et domaines enseign\u00e9s par des experts de notre \u00e9quipe et de notre r\u00e9seau mondial de partenaires<\/li>\n<li>SATE fournit des services d\u2019apprentissage et de d\u00e9veloppement, y compris des services de conseil et des services personnalis\u00e9s de coaching ex\u00e9cutif \u00e0 diverses entit\u00e9s et b\u00e9n\u00e9ficiaires<\/li>\n<li>SATE travaille sur le renforcement et l\u2019am\u00e9lioration des comp\u00e9tences d\u2019apprentissage et des connaissances professionnelles afin de transformer les comportements et attitudes existants en comp\u00e9tences influentes et dynamiques<\/li>\n<li>SATE offre aux b\u00e9n\u00e9ficiaires la possibilit\u00e9 de recevoir une formation en ligne d\u2019excellente qualit\u00e9<\/li>\n<li>SATE propose des cours de formation professionnelle et des ateliers qui donnent aux participants les comp\u00e9tences pratiques et l\u2019expertise requises dans de nombreux secteurs d\u2019activit\u00e9 professionnels.<\/li>\n<\/ul>\n<p>[\/vc_column_text][vc_separator type=\u00a0\u00bbtransparent\u00a0\u00bb up=\u00a0\u00bb93&Prime; down=\u00a0\u00bb0&Prime;][\/vc_column_inner][\/vc_row_inner][\/vc_column][\/vc_row]<\/p>\n<\/div>","protected":false},"excerpt":{"rendered":"<p>[vc_row css_animation=\u00a0\u00bb\u00a0\u00bb row_type=\u00a0\u00bbrow\u00a0\u00bb use_row_as_full_screen_section=\u00a0\u00bbno\u00a0\u00bb type=\u00a0\u00bbgrid\u00a0\u00bb angled_section=\u00a0\u00bbno\u00a0\u00bb text_align=\u00a0\u00bbleft\u00a0\u00bb background_image_as_pattern=\u00a0\u00bbwithout_pattern\u00a0\u00bb padding_top=\u00a0\u00bb87&Prime; padding_bottom=\u00a0\u00bb0&Prime; background_color=\u00a0\u00bb#ffffff\u00a0\u00bb z_index=\u00a0\u00bb\u00a0\u00bb][vc_column][vc_row_inner row_type=\u00a0\u00bbrow\u00a0\u00bb type=\u00a0\u00bbfull_width\u00a0\u00bb text_align=\u00a0\u00bbleft\u00a0\u00bb css_animation=\u00a0\u00bb\u00a0\u00bb][vc_column_inner width=\u00a0\u00bb1\/2&Prime;][vc_column_text css=\u00a0\u00bb\u00a0\u00bb]Swiss Academy for Training and Evolution (ci-apr\u00e8s SATE) est une association situ\u00e9e \u00e0 Gen\u00e8ve -Suisse, et r\u00e9gie par le Code civil suisse pour les associations. SATE est une&#8230;<\/p>\n","protected":false},"author":1,"featured_media":0,"parent":0,"menu_order":0,"comment_status":"open","ping_status":"open","template":"full_width.php","meta":{"footnotes":""},"class_list":["post-16510","page","type-page","status-publish","hentry"],"_links":{"self":[{"href":"https:\/\/swiss-academy.aarinfotech.com\/fr\/wp-json\/wp\/v2\/pages\/16510","targetHints":{"allow":["GET"]}}],"collection":[{"href":"https:\/\/swiss-academy.aarinfotech.com\/fr\/wp-json\/wp\/v2\/pages"}],"about":[{"href":"https:\/\/swiss-academy.aarinfotech.com\/fr\/wp-json\/wp\/v2\/types\/page"}],"author":[{"embeddable":true,"href":"https:\/\/swiss-academy.aarinfotech.com\/fr\/wp-json\/wp\/v2\/users\/1"}],"replies":[{"embeddable":true,"href":"https:\/\/swiss-academy.aarinfotech.com\/fr\/wp-json\/wp\/v2\/comments?post=16510"}],"version-history":[{"count":6,"href":"https:\/\/swiss-academy.aarinfotech.com\/fr\/wp-json\/wp\/v2\/pages\/16510\/revisions"}],"predecessor-version":[{"id":17351,"href":"https:\/\/swiss-academy.aarinfotech.com\/fr\/wp-json\/wp\/v2\/pages\/16510\/revisions\/17351"}],"wp:attachment":[{"href":"https:\/\/swiss-academy.aarinfotech.com\/fr\/wp-json\/wp\/v2\/media?parent=16510"}],"curies":[{"name":"wp","href":"https:\/\/api.w.org\/{rel}","templated":true}]}}