{"id":16492,"date":"2014-05-20T07:51:11","date_gmt":"2014-05-20T07:51:11","guid":{"rendered":"https:\/\/swiss-academy.aarinfotech.com\/accueil\/"},"modified":"2025-06-07T18:38:03","modified_gmt":"2025-06-07T18:38:03","slug":"accueil","status":"publish","type":"page","link":"https:\/\/swiss-academy.aarinfotech.com\/fr\/","title":{"rendered":"Accueil"},"content":{"rendered":"<div class=\"wpb-content-wrapper\"><p>[vc_row css_animation=\u00a0\u00bb\u00a0\u00bb row_type=\u00a0\u00bbrow\u00a0\u00bb use_row_as_full_screen_section=\u00a0\u00bbno\u00a0\u00bb type=\u00a0\u00bbgrid\u00a0\u00bb angled_section=\u00a0\u00bbno\u00a0\u00bb text_align=\u00a0\u00bbleft\u00a0\u00bb background_image_as_pattern=\u00a0\u00bbwithout_pattern\u00a0\u00bb css=\u00a0\u00bb.vc_custom_1745005801123{margin-top: 80px !important;}\u00a0\u00bb z_index=\u00a0\u00bb\u00a0\u00bb][vc_column][vc_row_inner row_type=\u00a0\u00bbrow\u00a0\u00bb type=\u00a0\u00bbfull_width\u00a0\u00bb text_align=\u00a0\u00bbleft\u00a0\u00bb css_animation=\u00a0\u00bb\u00a0\u00bb][vc_column_inner width=\u00a0\u00bb1\/2&Prime; css=\u00a0\u00bb.vc_custom_1745005877058{padding-top: 100px !important;}\u00a0\u00bb][vc_column_text css=\u00a0\u00bb.vc_custom_1746898471633{margin-bottom: 30px !important;}\u00a0\u00bb]<\/p>\n<h6 class=\"heading__subtitle\">SATE<\/h6>\n<h3 class=\"heading__title mb-30\">Acad\u00e9mie suisse pour la formation et l\u2019\u00e9volution<\/h3>\n<p>[\/vc_column_text][vc_column_text css=\u00a0\u00bb\u00a0\u00bb]Swiss Academy for Training and Evolution (ci-apr\u00e8s SATE) est une association situ\u00e9e \u00e0 Gen\u00e8ve -Suisse, et r\u00e9gie par le Code civil suisse pour les associations. SATE est une plate-forme internationale qui propose des formations en face \u00e0 face, virtuelles et en ligne accessibles \u00e0 l\u2019\u00e9chelle mondiale, \u00e0 votre rythme et \u00e0 la demande, impliquant des cours de perfectionnement professionnel couvrant une vari\u00e9t\u00e9 de sujets et de disciplines.<\/p>\n<p>SATE s\u2019engage \u00e0 offrir des contenus de programmes soigneusement s\u00e9lectionn\u00e9s, en se concentrant sur des questions susceptibles d\u2019occuper une place centrale dans les pr\u00e9occupations des institutions et entit\u00e9s du monde entier dans le monde d\u2019aujourd\u2019hui et de demain.[\/vc_column_text][\/vc_column_inner][vc_column_inner width=\u00a0\u00bb1\/2&Prime;][vc_single_image image=\u00a0\u00bb15918&Prime; img_size=\u00a0\u00bbfull\u00a0\u00bb alignment=\u00a0\u00bbcenter\u00a0\u00bb css=\u00a0\u00bb\u00a0\u00bb qode_css_animation=\u00a0\u00bb\u00a0\u00bb][\/vc_column_inner][\/vc_row_inner][\/vc_column][\/vc_row][vc_row css_animation=\u00a0\u00bb\u00a0\u00bb row_type=\u00a0\u00bbrow\u00a0\u00bb use_row_as_full_screen_section=\u00a0\u00bbno\u00a0\u00bb type=\u00a0\u00bbgrid\u00a0\u00bb angled_section=\u00a0\u00bbno\u00a0\u00bb text_align=\u00a0\u00bbleft\u00a0\u00bb background_image_as_pattern=\u00a0\u00bbwithout_pattern\u00a0\u00bb padding_top=\u00a0\u00bb76&Prime; padding_bottom=\u00a0\u00bb45&Prime; background_color=\u00a0\u00bb#F9F9F9&Prime; z_index=\u00a0\u00bb\u00a0\u00bb][vc_column][vc_row_inner row_type=\u00a0\u00bbrow\u00a0\u00bb type=\u00a0\u00bbfull_width\u00a0\u00bb text_align=\u00a0\u00bbleft\u00a0\u00bb css_animation=\u00a0\u00bb\u00a0\u00bb][vc_column_inner width=\u00a0\u00bb1\/3&Prime;][vc_single_image image=\u00a0\u00bb15943&Prime; img_size=\u00a0\u00bbfull\u00a0\u00bb alignment=\u00a0\u00bbcenter\u00a0\u00bb css=\u00a0\u00bb\u00a0\u00bb qode_css_animation=\u00a0\u00bbelement_from_fade\u00a0\u00bb transition_delay=\u00a0\u00bb0.2&Prime;][vc_separator type=\u00a0\u00bbtransparent\u00a0\u00bb up=\u00a0\u00bb17&Prime; down=\u00a0\u00bb10&Prime;][vc_column_text css=\u00a0\u00bb\u00a0\u00bb]<\/p>\n<div class=\"qode_content_slider_item clone\" aria-hidden=\"true\">\n<div class=\"wpb_text_column wpb_content_element \">\n<div class=\"wpb_wrapper\">\n<h5>La phase avant la formation<\/h5>\n<\/div>\n<\/div>\n<\/div>\n<p>[\/vc_column_text][vc_separator type=\u00a0\u00bbsmall\u00a0\u00bb position=\u00a0\u00bbleft\u00a0\u00bb up=\u00a0\u00bb16&Prime; down=\u00a0\u00bb12&Prime;][vc_column_text css=\u00a0\u00bb\u00a0\u00bb]L\u2019identification des objectifs de formation et d\u2019apprentissage est essentielle \u00e0 ce stade du travail de SATE, car cela permettrait \u00e0 SATE de s\u2019assurer que tous les membres de son \u00e9quipe travaillent vers un objectif commun et concentrent leurs efforts pour atteindre les objectifs les plus \u00e9lev\u00e9s.[\/vc_column_text][vc_separator type=\u00a0\u00bbtransparent\u00a0\u00bb up=\u00a0\u00bb17&Prime; down=\u00a0\u00bb10&Prime;][\/vc_column_inner][vc_column_inner width=\u00a0\u00bb1\/3&Prime;][vc_single_image image=\u00a0\u00bb15949&Prime; img_size=\u00a0\u00bbfull\u00a0\u00bb alignment=\u00a0\u00bbcenter\u00a0\u00bb css=\u00a0\u00bb\u00a0\u00bb qode_css_animation=\u00a0\u00bbelement_from_fade\u00a0\u00bb transition_delay=\u00a0\u00bb0.5&Prime;][vc_separator type=\u00a0\u00bbtransparent\u00a0\u00bb up=\u00a0\u00bb17&Prime; down=\u00a0\u00bb10&Prime;][vc_column_text css=\u00a0\u00bb\u00a0\u00bb]<\/p>\n<h5>La phase pendant la formation<\/h5>\n<p>[\/vc_column_text][vc_separator type=\u00a0\u00bbsmall\u00a0\u00bb position=\u00a0\u00bbleft\u00a0\u00bb up=\u00a0\u00bb16&Prime; down=\u00a0\u00bb12&Prime;][vc_column_text css=\u00a0\u00bb\u00a0\u00bb]Le transfert de l\u2019apprentissage a lieu plus efficacement lorsque les apprenants savent quels comportements ils sont cens\u00e9s adopter apr\u00e8s avoir suivi la formation.[\/vc_column_text][vc_separator type=\u00a0\u00bbtransparent\u00a0\u00bb up=\u00a0\u00bb17&Prime; down=\u00a0\u00bb10&Prime;][\/vc_column_inner][vc_column_inner width=\u00a0\u00bb1\/3&Prime;][vc_single_image image=\u00a0\u00bb15953&Prime; img_size=\u00a0\u00bbfull\u00a0\u00bb alignment=\u00a0\u00bbcenter\u00a0\u00bb css=\u00a0\u00bb\u00a0\u00bb qode_css_animation=\u00a0\u00bbelement_from_fade\u00a0\u00bb transition_delay=\u00a0\u00bb0.8&Prime;][vc_separator type=\u00a0\u00bbtransparent\u00a0\u00bb up=\u00a0\u00bb17&Prime; down=\u00a0\u00bb10&Prime;][vc_column_text css=\u00a0\u00bb\u00a0\u00bb]<\/p>\n<h5>La phase post-formationThe Post Training Phase<\/h5>\n<p>[\/vc_column_text][vc_separator type=\u00a0\u00bbsmall\u00a0\u00bb position=\u00a0\u00bbleft\u00a0\u00bb up=\u00a0\u00bb16&Prime; down=\u00a0\u00bb12&Prime;][vc_column_text css=\u00a0\u00bb\u00a0\u00bb]L\u2019opinion des apprenants sur l\u2019efficacit\u00e9 des cours de SATE compte le plus. L\u2019engagement de l\u2019apprenant est une priorit\u00e9 pour tout type de cours SATE. Pour l\u2019engagement en face \u00e0 face ou virtuel dans l\u2019apprentissage actif, SATE assure l\u2019application d\u2019approches, qui comprennent des simulations, des activit\u00e9s et un travail collaboratif. Pour le eLearning de SATE, notre \u00e9quipe applique des approches similaires sous diff\u00e9rentes formes que des quiz interactifs et des \u00e9tudes de cas.[\/vc_column_text][vc_separator type=\u00a0\u00bbtransparent\u00a0\u00bb up=\u00a0\u00bb17&Prime; down=\u00a0\u00bb10&Prime;][\/vc_column_inner][\/vc_row_inner][\/vc_column][\/vc_row][vc_row css_animation=\u00a0\u00bb\u00a0\u00bb row_type=\u00a0\u00bbrow\u00a0\u00bb use_row_as_full_screen_section=\u00a0\u00bbno\u00a0\u00bb type=\u00a0\u00bbgrid\u00a0\u00bb angled_section=\u00a0\u00bbno\u00a0\u00bb text_align=\u00a0\u00bbleft\u00a0\u00bb background_image_as_pattern=\u00a0\u00bbwithout_pattern\u00a0\u00bb padding_top=\u00a0\u00bb50&Prime; padding_bottom=\u00a0\u00bb0&Prime; background_color=\u00a0\u00bb#f6f6f6&Prime; z_index=\u00a0\u00bb\u00a0\u00bb el_class=\u00a0\u00bbnone\u00a0\u00bb][vc_column width=\u00a0\u00bb1\/4&Prime;]<div class=\"q_counter_holder  center\" style=\"\" data-digit=\"1890\"><span class=\"counter  zero\" style=\"\">1890<\/span><span class=\"separator small\" style=\"\"><\/span><p class=\"counter_text\" style=\"\">Ann\u00e9e de fondation<\/p><\/div>[vc_separator type=\u00a0\u00bbtransparent\u00a0\u00bb up=\u00a0\u00bb50&Prime; down=\u00a0\u00bb0&Prime;][\/vc_column][vc_column width=\u00a0\u00bb1\/4&Prime;]<div class=\"q_counter_holder  center\" style=\"\" data-digit=\"1925\"><span class=\"counter  zero\" style=\"\">1925<\/span><span class=\"separator small\" style=\"\"><\/span><p class=\"counter_text\" style=\"\">Happy Graduates<\/p><\/div>[vc_separator type=\u00a0\u00bbtransparent\u00a0\u00bb up=\u00a0\u00bb50&Prime; down=\u00a0\u00bb0&Prime;][\/vc_column][vc_column width=\u00a0\u00bb1\/4&Prime;]<div class=\"q_counter_holder  center\" style=\"\" data-digit=\"1984\"><span class=\"counter  zero\" style=\"\">1984<\/span><span class=\"separator small\" style=\"\"><\/span><p class=\"counter_text\" style=\"\">Offered Courses<\/p><\/div>[vc_separator type=\u00a0\u00bbtransparent\u00a0\u00bb up=\u00a0\u00bb50&Prime; down=\u00a0\u00bb0&Prime;][\/vc_column][vc_column width=\u00a0\u00bb1\/4&Prime;]<div class=\"q_counter_holder  center\" style=\"\" data-digit=\"2010\"><span class=\"counter  zero\" style=\"\">2010<\/span><span class=\"separator small\" style=\"\"><\/span><p class=\"counter_text\" style=\"\">Instructor Count<\/p><\/div>[vc_separator type=\u00a0\u00bbtransparent\u00a0\u00bb up=\u00a0\u00bb50&Prime; down=\u00a0\u00bb0&Prime;][\/vc_column][\/vc_row][vc_row row_type=\u00a0\u00bbparallax\u00a0\u00bb parallax_content_width=\u00a0\u00bbin_grid\u00a0\u00bb text_align=\u00a0\u00bbleft\u00a0\u00bb full_screen_section_height=\u00a0\u00bbno\u00a0\u00bb background_image=\u00a0\u00bb15320&Prime; section_height=\u00a0\u00bb397&Prime; css=\u00a0\u00bb.vc_custom_1745089422504{padding-top: 100px !important;padding-bottom: 100px !important;}\u00a0\u00bb][vc_column][vc_separator type=\u00a0\u00bbtransparent\u00a0\u00bb up=\u00a0\u00bb73&Prime; down=\u00a0\u00bb0&Prime;]<div class=\"custom_font_holder \" style=\"font-family: Roboto Slab; font-style: normal; font-weight: 400; color: #ffffff; text-decoration: none; text-align: center; --qode-cf-font-size: 60px; --qode-cf-line-height: 70px; --qode-cf-font-size-1440: 60px; --qode-cf-line-height-1440: 70px; --qode-cf-font-size-1366: 60px; --qode-cf-line-height-1366: 70px; --qode-cf-font-size-1280: 60px; --qode-cf-line-height-1280: 70px; --qode-cf-font-size-1024: 60px; --qode-cf-line-height-1024: 70px; --qode-cf-font-size-768: 60px; --qode-cf-line-height-768: 70px; --qode-cf-font-size-680: 60px; --qode-cf-line-height-680: 70px; --qode-cf-font-size-480: 60px; --qode-cf-line-height-480: 70px;\">Si vous souhaitez rejoindre l\u2019\u00e9quipe des \u00e9ducateurs et formateurs de SATE, cliquez ici<\/div>[vc_separator type=\u00a0\u00bbtransparent\u00a0\u00bb down=\u00a0\u00bb1&Prime; up=\u00a0\u00bb10&Prime;][vc_separator type=\u00a0\u00bbtransparent\u00a0\u00bb up=\u00a0\u00bb36&Prime; down=\u00a0\u00bb0&Prime;][vc_row_inner row_type=\u00a0\u00bbrow\u00a0\u00bb type=\u00a0\u00bbfull_width\u00a0\u00bb text_align=\u00a0\u00bbcenter\u00a0\u00bb css_animation=\u00a0\u00bb\u00a0\u00bb][vc_column_inner]<a  itemprop=\"url\" href=\"#\" target=\"_self\"  class=\"qbutton  center default\" style=\"\">Lire la suite<\/a>[\/vc_column_inner][\/vc_row_inner][vc_separator type=\u00a0\u00bbtransparent\u00a0\u00bb up=\u00a0\u00bb73&Prime; down=\u00a0\u00bb0&Prime;][\/vc_column][\/vc_row][vc_row css_animation=\u00a0\u00bb\u00a0\u00bb row_type=\u00a0\u00bbrow\u00a0\u00bb use_row_as_full_screen_section=\u00a0\u00bbno\u00a0\u00bb type=\u00a0\u00bbgrid\u00a0\u00bb angled_section=\u00a0\u00bbno\u00a0\u00bb text_align=\u00a0\u00bbleft\u00a0\u00bb background_image_as_pattern=\u00a0\u00bbwithout_pattern\u00a0\u00bb padding_top=\u00a0\u00bb65&Prime; padding_bottom=\u00a0\u00bb65&Prime; background_color=\u00a0\u00bb#f6f6f6&Prime;][vc_column][vc_separator type=\u00a0\u00bbtransparent\u00a0\u00bb up=\u00a0\u00bb12&Prime; down=\u00a0\u00bb0&Prime;][vc_column_text css=\u00a0\u00bb\u00a0\u00bb]<\/p>\n<h2 style=\"text-align: center;\">Transformez votre carri\u00e8re avec les cours de certification en ligne de SATE<\/h2>\n<p>[\/vc_column_text][vc_column_text css=\u00a0\u00bb\u00a0\u00bb]<\/p>\n<p style=\"text-align: center;\">D\u00e9marrez votre carri\u00e8re avec SATE, la plateforme d&rsquo;apprentissage en ligne la plus performante au monde. Nos formations en pr\u00e9sentiel, \u00e0 votre rythme ou \u00e0 la demande, offrent un apprentissage accessible partout dans le monde, adapt\u00e9 \u00e0 vos besoins et pr\u00e9f\u00e9rences. Du perfectionnement des comp\u00e9tences aux formations certifiantes en ligne reconnues mondialement, nous vous proposons les meilleures formations virtuelles et en ligne pour booster votre carri\u00e8re.<\/p>\n<p style=\"text-align: center;\">Nos formateurs exp\u00e9riment\u00e9s vous aident \u00e0 obtenir des certifications pour de nombreuses formations, formations courtes et ateliers. De plus, nos certificats sont reconnus mondialement par de nombreuses organisations ; vous pouvez donc \u00eatre assur\u00e9 de la qualit\u00e9 de l&rsquo;enseignement dispens\u00e9 par SATE. D\u00e9couvrez une grande vari\u00e9t\u00e9 de cours de management en ligne pour vous aider \u00e0 progresser dans votre carri\u00e8re.<\/p>\n<p>[\/vc_column_text][\/vc_column][\/vc_row]<\/p>\n<\/div>","protected":false},"excerpt":{"rendered":"<p>[vc_row css_animation=\u00a0\u00bb\u00a0\u00bb row_type=\u00a0\u00bbrow\u00a0\u00bb use_row_as_full_screen_section=\u00a0\u00bbno\u00a0\u00bb type=\u00a0\u00bbgrid\u00a0\u00bb angled_section=\u00a0\u00bbno\u00a0\u00bb text_align=\u00a0\u00bbleft\u00a0\u00bb background_image_as_pattern=\u00a0\u00bbwithout_pattern\u00a0\u00bb css=\u00a0\u00bb.vc_custom_1745005801123{margin-top: 80px !important;}\u00a0\u00bb z_index=\u00a0\u00bb\u00a0\u00bb][vc_column][vc_row_inner row_type=\u00a0\u00bbrow\u00a0\u00bb type=\u00a0\u00bbfull_width\u00a0\u00bb text_align=\u00a0\u00bbleft\u00a0\u00bb css_animation=\u00a0\u00bb\u00a0\u00bb][vc_column_inner width=\u00a0\u00bb1\/2&Prime; css=\u00a0\u00bb.vc_custom_1745005877058{padding-top: 100px !important;}\u00a0\u00bb][vc_column_text css=\u00a0\u00bb.vc_custom_1746898471633{margin-bottom: 30px !important;}\u00a0\u00bb] SATE Acad\u00e9mie suisse pour la formation et l\u2019\u00e9volution [\/vc_column_text][vc_column_text css=\u00a0\u00bb\u00a0\u00bb]Swiss Academy for Training and Evolution (ci-apr\u00e8s SATE) est une association situ\u00e9e \u00e0&#8230;<\/p>\n","protected":false},"author":1,"featured_media":0,"parent":0,"menu_order":0,"comment_status":"open","ping_status":"open","template":"full_width.php","meta":{"footnotes":""},"class_list":["post-16492","page","type-page","status-publish","hentry"],"_links":{"self":[{"href":"https:\/\/swiss-academy.aarinfotech.com\/fr\/wp-json\/wp\/v2\/pages\/16492","targetHints":{"allow":["GET"]}}],"collection":[{"href":"https:\/\/swiss-academy.aarinfotech.com\/fr\/wp-json\/wp\/v2\/pages"}],"about":[{"href":"https:\/\/swiss-academy.aarinfotech.com\/fr\/wp-json\/wp\/v2\/types\/page"}],"author":[{"embeddable":true,"href":"https:\/\/swiss-academy.aarinfotech.com\/fr\/wp-json\/wp\/v2\/users\/1"}],"replies":[{"embeddable":true,"href":"https:\/\/swiss-academy.aarinfotech.com\/fr\/wp-json\/wp\/v2\/comments?post=16492"}],"version-history":[{"count":3,"href":"https:\/\/swiss-academy.aarinfotech.com\/fr\/wp-json\/wp\/v2\/pages\/16492\/revisions"}],"predecessor-version":[{"id":16499,"href":"https:\/\/swiss-academy.aarinfotech.com\/fr\/wp-json\/wp\/v2\/pages\/16492\/revisions\/16499"}],"wp:attachment":[{"href":"https:\/\/swiss-academy.aarinfotech.com\/fr\/wp-json\/wp\/v2\/media?parent=16492"}],"curies":[{"name":"wp","href":"https:\/\/api.w.org\/{rel}","templated":true}]}}