{"id":16511,"date":"2014-03-24T10:54:51","date_gmt":"2014-03-24T10:54:51","guid":{"rendered":"https:\/\/swiss-academy.aarinfotech.com\/about-us\/"},"modified":"2025-08-12T12:57:04","modified_gmt":"2025-08-12T12:57:04","slug":"about-us","status":"publish","type":"page","link":"https:\/\/swiss-academy.aarinfotech.com\/de\/about-us\/","title":{"rendered":"\u00dcber uns"},"content":{"rendered":"<div class=\"wpb-content-wrapper\"><p>[vc_row css_animation=&#8220;&#8220; row_type=&#8220;row&#8220; use_row_as_full_screen_section=&#8220;no&#8220; type=&#8220;grid&#8220; angled_section=&#8220;no&#8220; text_align=&#8220;left&#8220; background_image_as_pattern=&#8220;without_pattern&#8220; padding_top=&#8220;87&#8243; padding_bottom=&#8220;0&#8243; background_color=&#8220;#ffffff&#8220; z_index=&#8220;&#8220;][vc_column][vc_row_inner row_type=&#8220;row&#8220; type=&#8220;full_width&#8220; text_align=&#8220;left&#8220; css_animation=&#8220;&#8220;][vc_column_inner width=&#8220;1\/2&#8243;][vc_column_text css=&#8220;&#8220;]Swiss Academy for Training and Evolution (nachfolgend SATE) ist ein Verein mit Sitz in Genf (Schweiz) und wird durch das Schweizerische Zivilgesetzbuch f\u00fcr Vereine geregelt. SATE ist eine internationale Plattform, die global zug\u00e4ngliche, selbstgesteuerte und On-Demand-Pr\u00e4senz-, virtuelle und E-Learning-Trainings anbietet, die professionelle Verbesserungskurse beinhalten, die eine Vielzahl von Themen und Disziplinen abdecken. <\/p>\n<p>SATE verpflichtet sich, sorgf\u00e4ltig ausgew\u00e4hlte Programminhalte anzubieten, die sich auf Themen konzentrieren, die wahrscheinlich im Mittelpunkt der Sorgen weltweiter Institutionen und Einrichtungen in der Welt von heute und morgen stehen werden.[\/vc_column_text][vc_separator type=&#8220;transparent&#8220; up=&#8220;93&#8243; down=&#8220;0&#8243;][\/vc_column_inner][vc_column_inner width=&#8220;1\/2&#8243;][vc_separator type=&#8220;transparent&#8220; up=&#8220;1&#8243; down=&#8220;0&#8243;][vc_single_image image=&#8220;15984&#8243; img_size=&#8220;full&#8220; css=&#8220;&#8220; qode_css_animation=&#8220;&#8220;][vc_separator type=&#8220;transparent&#8220; up=&#8220;93&#8243; down=&#8220;0&#8243;][\/vc_column_inner][\/vc_row_inner][vc_row_inner row_type=&#8220;row&#8220; type=&#8220;full_width&#8220; text_align=&#8220;left&#8220; css_animation=&#8220;&#8220;][vc_column_inner width=&#8220;1\/2&#8243;][vc_separator type=&#8220;transparent&#8220; up=&#8220;1&#8243; down=&#8220;0&#8243;][vc_single_image image=&#8220;15996&#8243; img_size=&#8220;full&#8220; css=&#8220;&#8220; qode_css_animation=&#8220;&#8220;][vc_separator type=&#8220;transparent&#8220; up=&#8220;93&#8243; down=&#8220;0&#8243;][\/vc_column_inner][vc_column_inner width=&#8220;1\/2&#8243;][vc_column_text css=&#8220;&#8220;]<\/p>\n<h5>SATE Ziele &amp; Dienstleistungen<\/h5>\n<ul class=\"list-items list-unstyled mb-0\">\n<li>SATE bietet immersive Programme in verschiedenen F\u00e4chern und Bereichen an, die von Experten aus unserem Team und unserem globalen Partnernetzwerk unterrichtet werden<\/li>\n<li>SATE bietet Lern- und Entwicklungsdienstleistungen an, einschlie\u00dflich Beratungsdienstleistungen und personalisierter Coaching-Dienstleistungen f\u00fcr F\u00fchrungskr\u00e4fte f\u00fcr verschiedene Unternehmen und Beg\u00fcnstigte<\/li>\n<li>SATE arbeitet an der St\u00e4rkung und Verbesserung der Lernf\u00e4higkeiten und des beruflichen Wissens, um bestehende Verhaltensweisen und Einstellungen in einflussreiche und dynamische F\u00e4higkeiten umzuwandeln<\/li>\n<li>SATE bietet den Beg\u00fcnstigten die M\u00f6glichkeit, qualitativ hochwertige Online-Schulungen zu erhalten<\/li>\n<li>SATE bietet Berufsausbildungen und Workshops an, die den Teilnehmern die praktischen F\u00e4higkeiten und das Fachwissen vermitteln, die in vielen professionellen Gesch\u00e4ftsbereichen erforderlich sind<\/li>\n<\/ul>\n<p>[\/vc_column_text][vc_separator type=&#8220;transparent&#8220; up=&#8220;93&#8243; down=&#8220;0&#8243;][\/vc_column_inner][\/vc_row_inner][\/vc_column][\/vc_row]<\/p>\n<\/div>","protected":false},"excerpt":{"rendered":"<p>[vc_row css_animation=&#8220;&#8220; row_type=&#8220;row&#8220; use_row_as_full_screen_section=&#8220;no&#8220; type=&#8220;grid&#8220; angled_section=&#8220;no&#8220; text_align=&#8220;left&#8220; background_image_as_pattern=&#8220;without_pattern&#8220; padding_top=&#8220;87&#8243; padding_bottom=&#8220;0&#8243; background_color=&#8220;#ffffff&#8220; z_index=&#8220;&#8220;][vc_column][vc_row_inner row_type=&#8220;row&#8220; type=&#8220;full_width&#8220; text_align=&#8220;left&#8220; css_animation=&#8220;&#8220;][vc_column_inner width=&#8220;1\/2&#8243;][vc_column_text css=&#8220;&#8220;]Swiss Academy for Training and Evolution (nachfolgend SATE) ist ein Verein mit Sitz in Genf (Schweiz) und wird durch das Schweizerische Zivilgesetzbuch f\u00fcr Vereine geregelt. SATE ist eine&#8230;<\/p>\n","protected":false},"author":1,"featured_media":0,"parent":0,"menu_order":0,"comment_status":"open","ping_status":"open","template":"full_width.php","meta":{"footnotes":""},"class_list":["post-16511","page","type-page","status-publish","hentry"],"_links":{"self":[{"href":"https:\/\/swiss-academy.aarinfotech.com\/de\/wp-json\/wp\/v2\/pages\/16511","targetHints":{"allow":["GET"]}}],"collection":[{"href":"https:\/\/swiss-academy.aarinfotech.com\/de\/wp-json\/wp\/v2\/pages"}],"about":[{"href":"https:\/\/swiss-academy.aarinfotech.com\/de\/wp-json\/wp\/v2\/types\/page"}],"author":[{"embeddable":true,"href":"https:\/\/swiss-academy.aarinfotech.com\/de\/wp-json\/wp\/v2\/users\/1"}],"replies":[{"embeddable":true,"href":"https:\/\/swiss-academy.aarinfotech.com\/de\/wp-json\/wp\/v2\/comments?post=16511"}],"version-history":[{"count":6,"href":"https:\/\/swiss-academy.aarinfotech.com\/de\/wp-json\/wp\/v2\/pages\/16511\/revisions"}],"predecessor-version":[{"id":17353,"href":"https:\/\/swiss-academy.aarinfotech.com\/de\/wp-json\/wp\/v2\/pages\/16511\/revisions\/17353"}],"wp:attachment":[{"href":"https:\/\/swiss-academy.aarinfotech.com\/de\/wp-json\/wp\/v2\/media?parent=16511"}],"curies":[{"name":"wp","href":"https:\/\/api.w.org\/{rel}","templated":true}]}}