{"id":16496,"date":"2014-05-20T07:51:11","date_gmt":"2014-05-20T07:51:11","guid":{"rendered":"https:\/\/swiss-academy.aarinfotech.com\/heim\/"},"modified":"2025-06-07T18:35:06","modified_gmt":"2025-06-07T18:35:06","slug":"heim","status":"publish","type":"page","link":"https:\/\/swiss-academy.aarinfotech.com\/de\/","title":{"rendered":"Heim"},"content":{"rendered":"<div class=\"wpb-content-wrapper\"><p>[vc_row css_animation=&#8220;&#8220; row_type=&#8220;row&#8220; use_row_as_full_screen_section=&#8220;no&#8220; type=&#8220;grid&#8220; angled_section=&#8220;no&#8220; text_align=&#8220;left&#8220; background_image_as_pattern=&#8220;without_pattern&#8220; css=&#8220;.vc_custom_1745005801123{margin-top: 80px !important;}&#8220; z_index=&#8220;&#8220;][vc_column][vc_row_inner row_type=&#8220;row&#8220; type=&#8220;full_width&#8220; text_align=&#8220;left&#8220; css_animation=&#8220;&#8220;][vc_column_inner width=&#8220;1\/2&#8243; css=&#8220;.vc_custom_1745005877058{padding-top: 100px !important;}&#8220;][vc_column_text css=&#8220;.vc_custom_1746898471633{margin-bottom: 30px !important;}&#8220;]<\/p>\n<h6 class=\"heading__subtitle\">S\u00c4TTIGEN<\/h6>\n<h3 class=\"heading__title mb-30\">Schweizerische Akademie f\u00fcr Ausbildung und Evolution<\/h3>\n<p>[\/vc_column_text][vc_column_text css=&#8220;&#8220;]Swiss Academy for Training and Evolution (nachfolgend SATE) ist ein Verein mit Sitz in Genf (Schweiz) und wird durch das Schweizerische Zivilgesetzbuch f\u00fcr Vereine geregelt. SATE ist eine internationale Plattform, die global zug\u00e4ngliche, selbstgesteuerte und On-Demand-Pr\u00e4senz-, virtuelle und E-Learning-Trainings anbietet, die professionelle Verbesserungskurse beinhalten, die eine Vielzahl von Themen und Disziplinen abdecken.<\/p>\n<p>SATE verpflichtet sich, sorgf\u00e4ltig ausgew\u00e4hlte Programminhalte anzubieten, die sich auf Themen konzentrieren, die wahrscheinlich im Mittelpunkt der Sorgen weltweiter Institutionen und Einrichtungen in der Welt von heute und morgen stehen werden.[\/vc_column_text][\/vc_column_inner][vc_column_inner width=&#8220;1\/2&#8243;][vc_single_image image=&#8220;15918&#8243; img_size=&#8220;full&#8220; alignment=&#8220;center&#8220; css=&#8220;&#8220; qode_css_animation=&#8220;&#8220;][\/vc_column_inner][\/vc_row_inner][\/vc_column][\/vc_row][vc_row css_animation=&#8220;&#8220; row_type=&#8220;row&#8220; use_row_as_full_screen_section=&#8220;no&#8220; type=&#8220;grid&#8220; angled_section=&#8220;no&#8220; text_align=&#8220;left&#8220; background_image_as_pattern=&#8220;without_pattern&#8220; padding_top=&#8220;76&#8243; padding_bottom=&#8220;45&#8243; background_color=&#8220;#F9F9F9&#8243; z_index=&#8220;&#8220;][vc_column][vc_row_inner row_type=&#8220;row&#8220; type=&#8220;full_width&#8220; text_align=&#8220;left&#8220; css_animation=&#8220;&#8220;][vc_column_inner width=&#8220;1\/3&#8243;][vc_single_image image=&#8220;15943&#8243; img_size=&#8220;full&#8220; alignment=&#8220;center&#8220; css=&#8220;&#8220; qode_css_animation=&#8220;element_from_fade&#8220; transition_delay=&#8220;0.2&#8243;][vc_separator type=&#8220;transparent&#8220; up=&#8220;17&#8243; down=&#8220;10&#8243;][vc_column_text css=&#8220;&#8220;]<\/p>\n<div class=\"qode_content_slider_item clone\" aria-hidden=\"true\">\n<div class=\"wpb_text_column wpb_content_element \">\n<div class=\"wpb_wrapper\">\n<h5>Die Phase vor dem Training<\/h5>\n<\/div>\n<\/div>\n<\/div>\n<p>[\/vc_column_text][vc_separator type=&#8220;small&#8220; position=&#8220;left&#8220; up=&#8220;16&#8243; down=&#8220;12&#8243;][vc_column_text css=&#8220;&#8220;]Die Identifizierung der Zwecke von Trainings- und Lernzielen ist in dieser Phase der Arbeit von SATE von entscheidender Bedeutung, da dies es SATE erm\u00f6glichen w\u00fcrde, sicherzustellen, dass alle seine Teammitglieder auf ein gemeinsames Ziel hinarbeiten und ihre Bem\u00fchungen auf die Erreichung der h\u00f6chsten Ziele konzentrieren.[\/vc_column_text][vc_separator type=&#8220;transparent&#8220; up=&#8220;17&#8243; down=&#8220;10&#8243;][\/vc_column_inner][vc_column_inner width=&#8220;1\/3&#8243;][vc_single_image image=&#8220;15949&#8243; img_size=&#8220;full&#8220; alignment=&#8220;center&#8220; css=&#8220;&#8220; qode_css_animation=&#8220;element_from_fade&#8220; transition_delay=&#8220;0.5&#8243;][vc_separator type=&#8220;transparent&#8220; up=&#8220;17&#8243; down=&#8220;10&#8243;][vc_column_text css=&#8220;&#8220;]<\/p>\n<h5>Die Phase w\u00e4hrend des Trainings<\/h5>\n<p>[\/vc_column_text][vc_separator type=&#8220;small&#8220; position=&#8220;left&#8220; up=&#8220;16&#8243; down=&#8220;12&#8243;][vc_column_text css=&#8220;&#8220;]Der Lerntransfer erfolgt effizienter, wenn die Lernenden wissen, welche Verhaltensweisen von ihnen nach dem Training erwartet werden.[\/vc_column_text][vc_separator type=&#8220;transparent&#8220; up=&#8220;17&#8243; down=&#8220;10&#8243;][\/vc_column_inner][vc_column_inner width=&#8220;1\/3&#8243;][vc_single_image image=&#8220;15953&#8243; img_size=&#8220;full&#8220; alignment=&#8220;center&#8220; css=&#8220;&#8220; qode_css_animation=&#8220;element_from_fade&#8220; transition_delay=&#8220;0.8&#8243;][vc_separator type=&#8220;transparent&#8220; up=&#8220;17&#8243; down=&#8220;10&#8243;][vc_column_text css=&#8220;&#8220;]<\/p>\n<h5>Die Phase nach dem Training<\/h5>\n<p>[\/vc_column_text][vc_separator type=&#8220;small&#8220; position=&#8220;left&#8220; up=&#8220;16&#8243; down=&#8220;12&#8243;][vc_column_text css=&#8220;&#8220;]Die Meinung der Lernenden \u00fcber die Effektivit\u00e4t der SATE-Kurse ist f\u00fcr uns am wichtigsten. Das Engagement der Lernenden ist eine Priorit\u00e4t f\u00fcr jede Art von SATE-Kursen. F\u00fcr das pers\u00f6nliche oder virtuelle Engagement im aktiven Lernen gew\u00e4hrleistet SATE die Anwendung von Ans\u00e4tzen, die Simulationen, Aktivit\u00e4ten und kollaboratives Arbeiten umfassen. F\u00fcr SATEs eLearning wendet unser Team \u00e4hnliche Ans\u00e4tze in verschiedenen Formen wie interaktive Quiz und Fallstudien an.[\/vc_column_text][vc_separator type=&#8220;transparent&#8220; up=&#8220;17&#8243; down=&#8220;10&#8243;][\/vc_column_inner][\/vc_row_inner][\/vc_column][\/vc_row][vc_row row_type=&#8220;parallax&#8220; parallax_content_width=&#8220;in_grid&#8220; text_align=&#8220;left&#8220; full_screen_section_height=&#8220;no&#8220; background_image=&#8220;15320&#8243; section_height=&#8220;397&#8243; css=&#8220;.vc_custom_1745089422504{padding-top: 100px !important;padding-bottom: 100px !important;}&#8220;][vc_column][vc_separator type=&#8220;transparent&#8220; up=&#8220;73&#8243; down=&#8220;0&#8243;]<div class=\"custom_font_holder \" style=\"font-family: Roboto Slab; font-style: normal; font-weight: 400; color: #ffffff; text-decoration: none; text-align: center; --qode-cf-font-size: 60px; --qode-cf-line-height: 70px; --qode-cf-font-size-1440: 60px; --qode-cf-line-height-1440: 70px; --qode-cf-font-size-1366: 60px; --qode-cf-line-height-1366: 70px; --qode-cf-font-size-1280: 60px; --qode-cf-line-height-1280: 70px; --qode-cf-font-size-1024: 60px; --qode-cf-line-height-1024: 70px; --qode-cf-font-size-768: 60px; --qode-cf-line-height-768: 70px; --qode-cf-font-size-680: 60px; --qode-cf-line-height-680: 70px; --qode-cf-font-size-480: 60px; --qode-cf-line-height-480: 70px;\">Wenn Sie Interesse haben, dem SATE-Team f\u00fcr P\u00e4dagogen und Trainer beizutreten<\/div>[vc_separator type=&#8220;transparent&#8220; down=&#8220;1&#8243; up=&#8220;10&#8243;][vc_separator type=&#8220;transparent&#8220; up=&#8220;36&#8243; down=&#8220;0&#8243;][vc_row_inner row_type=&#8220;row&#8220; type=&#8220;full_width&#8220; text_align=&#8220;center&#8220; css_animation=&#8220;&#8220;][vc_column_inner]<a  itemprop=\"url\" href=\"#\" target=\"_self\"  class=\"qbutton  center default\" style=\"\">Registrieren Sie sich hier<\/a>[\/vc_column_inner][\/vc_row_inner][vc_separator type=&#8220;transparent&#8220; up=&#8220;73&#8243; down=&#8220;0&#8243;][\/vc_column][\/vc_row][vc_row css_animation=&#8220;&#8220; row_type=&#8220;row&#8220; use_row_as_full_screen_section=&#8220;no&#8220; type=&#8220;grid&#8220; angled_section=&#8220;no&#8220; text_align=&#8220;left&#8220; background_image_as_pattern=&#8220;without_pattern&#8220; padding_top=&#8220;65&#8243; padding_bottom=&#8220;65&#8243; background_color=&#8220;#f6f6f6&#8243;][vc_column][vc_separator type=&#8220;transparent&#8220; up=&#8220;12&#8243; down=&#8220;0&#8243;][vc_column_text css=&#8220;&#8220;]<\/p>\n<h2 style=\"text-align: center;\">Ver\u00e4ndern Sie Ihre Karriere mit den Online-Zertifikatskursen von SATE<\/h2>\n<p>[\/vc_column_text][vc_column_text css=&#8220;&#8220;]<\/p>\n<p style=\"text-align: center;\">Beginnen Sie Ihre Karriere mit SATE, der weltweit f\u00fchrenden virtuellen E-Learning-Plattform. Unsere Pr\u00e4senzschulungen im eigenen Tempo und auf Abruf bieten weltweit zug\u00e4ngliches Lernen, das auf Ihre spezifischen Bed\u00fcrfnisse und Vorlieben zugeschnitten ist. Von der Kompetenzerweiterung bis hin zu weltweit anerkannten Online-Zertifikatskursen bieten wir Ihnen die besten virtuellen und E-Learning-Kurse, die Sie ben\u00f6tigen, um Ihrer Karriere Auftrieb zu geben.<\/p>\n<p style=\"text-align: center;\">Unsere erfahrenen P\u00e4dagogen verhelfen Ihnen zu einer Zertifizierung in zahlreichen Schulungen, Kurzkursen und Workshops. Dar\u00fcber hinaus werden unsere Zertifikate weltweit von verschiedenen Organisationen anerkannt. Sie k\u00f6nnen sich also auf die Qualit\u00e4t der Ausbildung verlassen, die SATE bietet. Nehmen Sie an einer Vielzahl von Online-Managementkursen teil, die Ihnen dabei helfen, in Ihrer Karriere voranzukommen \u2026<\/p>\n<p>[\/vc_column_text][\/vc_column][\/vc_row]<\/p>\n<\/div>","protected":false},"excerpt":{"rendered":"<p>[vc_row css_animation=&#8220;&#8220; row_type=&#8220;row&#8220; use_row_as_full_screen_section=&#8220;no&#8220; type=&#8220;grid&#8220; angled_section=&#8220;no&#8220; text_align=&#8220;left&#8220; background_image_as_pattern=&#8220;without_pattern&#8220; css=&#8220;.vc_custom_1745005801123{margin-top: 80px !important;}&#8220; z_index=&#8220;&#8220;][vc_column][vc_row_inner row_type=&#8220;row&#8220; type=&#8220;full_width&#8220; text_align=&#8220;left&#8220; css_animation=&#8220;&#8220;][vc_column_inner width=&#8220;1\/2&#8243; css=&#8220;.vc_custom_1745005877058{padding-top: 100px !important;}&#8220;][vc_column_text css=&#8220;.vc_custom_1746898471633{margin-bottom: 30px !important;}&#8220;] S\u00c4TTIGEN Schweizerische Akademie f\u00fcr Ausbildung und Evolution [\/vc_column_text][vc_column_text css=&#8220;&#8220;]Swiss Academy for Training and Evolution (nachfolgend SATE) ist ein Verein mit Sitz in&#8230;<\/p>\n","protected":false},"author":1,"featured_media":0,"parent":0,"menu_order":0,"comment_status":"open","ping_status":"open","template":"full_width.php","meta":{"footnotes":""},"class_list":["post-16496","page","type-page","status-publish","hentry"],"_links":{"self":[{"href":"https:\/\/swiss-academy.aarinfotech.com\/de\/wp-json\/wp\/v2\/pages\/16496","targetHints":{"allow":["GET"]}}],"collection":[{"href":"https:\/\/swiss-academy.aarinfotech.com\/de\/wp-json\/wp\/v2\/pages"}],"about":[{"href":"https:\/\/swiss-academy.aarinfotech.com\/de\/wp-json\/wp\/v2\/types\/page"}],"author":[{"embeddable":true,"href":"https:\/\/swiss-academy.aarinfotech.com\/de\/wp-json\/wp\/v2\/users\/1"}],"replies":[{"embeddable":true,"href":"https:\/\/swiss-academy.aarinfotech.com\/de\/wp-json\/wp\/v2\/comments?post=16496"}],"version-history":[{"count":2,"href":"https:\/\/swiss-academy.aarinfotech.com\/de\/wp-json\/wp\/v2\/pages\/16496\/revisions"}],"predecessor-version":[{"id":16498,"href":"https:\/\/swiss-academy.aarinfotech.com\/de\/wp-json\/wp\/v2\/pages\/16496\/revisions\/16498"}],"wp:attachment":[{"href":"https:\/\/swiss-academy.aarinfotech.com\/de\/wp-json\/wp\/v2\/media?parent=16496"}],"curies":[{"name":"wp","href":"https:\/\/api.w.org\/{rel}","templated":true}]}}